{"id":6096,"date":"2022-01-26T14:51:43","date_gmt":"2022-01-26T19:51:43","guid":{"rendered":"https:\/\/www.pertinencemedia.com\/?page_id=6096"},"modified":"2024-10-07T14:17:56","modified_gmt":"2024-10-07T18:17:56","slug":"stagiaire-marketing-numerique","status":"publish","type":"page","link":"https:\/\/www.pertinencemedia.com\/fr\/carrieres\/stagiaire-marketing-numerique\/","title":{"rendered":"Stagiaire marketing num\u00e9rique"},"content":{"rendered":"\t\t<div data-elementor-type=\"wp-post\" data-elementor-id=\"6096\" class=\"elementor elementor-6096\" data-elementor-post-type=\"page\">\n\t\t\t\t\t\t<section class=\"elementor-section elementor-top-section elementor-element elementor-element-59276007 elementor-section-height-min-height elementor-section-boxed elementor-section-height-default elementor-section-items-middle\" data-id=\"59276007\" data-element_type=\"section\" data-settings=\"{&quot;background_background&quot;:&quot;classic&quot;,&quot;shape_divider_bottom&quot;:&quot;tilt&quot;}\">\n\t\t\t\t\t\t\t<div class=\"elementor-background-overlay\"><\/div>\n\t\t\t\t\t\t<div class=\"elementor-shape elementor-shape-bottom\" data-negative=\"false\">\n\t\t\t<svg xmlns=\"http:\/\/www.w3.org\/2000\/svg\" viewBox=\"0 0 1000 100\" preserveAspectRatio=\"none\">\n\t<path class=\"elementor-shape-fill\" d=\"M0,6V0h1000v100L0,6z\"\/>\n<\/svg>\t\t<\/div>\n\t\t\t\t\t<div class=\"elementor-container elementor-column-gap-default\">\n\t\t\t\t\t<div class=\"elementor-column elementor-col-100 elementor-top-column elementor-element elementor-element-5edfda56\" data-id=\"5edfda56\" data-element_type=\"column\">\n\t\t\t<div class=\"elementor-widget-wrap elementor-element-populated\">\n\t\t\t\t\t\t<div class=\"elementor-element elementor-element-713e96a5 elementor-align-right elementor-widget elementor-widget-breadcrumbs\" data-id=\"713e96a5\" data-element_type=\"widget\" data-widget_type=\"breadcrumbs.default\">\n\t\t\t\t<div class=\"elementor-widget-container\">\n\t\t\t\t\t<p id=\"breadcrumbs\"><span><span><a href=\"https:\/\/www.pertinencemedia.com\/fr\/\">Accueil<\/a><\/span><\/span><\/p>\t\t\t\t<\/div>\n\t\t\t\t<\/div>\n\t\t\t\t<div class=\"elementor-element elementor-element-4115cf5f elementor-widget elementor-widget-text-editor\" data-id=\"4115cf5f\" data-element_type=\"widget\" data-widget_type=\"text-editor.default\">\n\t\t\t\t<div class=\"elementor-widget-container\">\n\t\t\t\t\t\t\t\t\t<p>Tu cherches un stage en tant que sp\u00e9cialiste marketing num\u00e9rique ?<\/p>\t\t\t\t\t\t\t\t<\/div>\n\t\t\t\t<\/div>\n\t\t\t\t\t<\/div>\n\t\t<\/div>\n\t\t\t\t\t<\/div>\n\t\t<\/section>\n\t\t\t\t<section class=\"elementor-section elementor-top-section elementor-element elementor-element-42618cd elementor-section-boxed elementor-section-height-default elementor-section-height-default\" data-id=\"42618cd\" data-element_type=\"section\">\n\t\t\t\t\t\t<div class=\"elementor-container elementor-column-gap-default\">\n\t\t\t\t\t<div class=\"elementor-column elementor-col-100 elementor-top-column elementor-element elementor-element-bed4694\" data-id=\"bed4694\" data-element_type=\"column\">\n\t\t\t<div class=\"elementor-widget-wrap elementor-element-populated\">\n\t\t\t\t\t\t<div class=\"elementor-element elementor-element-3e9e4359 elementor-widget elementor-widget-heading\" data-id=\"3e9e4359\" data-element_type=\"widget\" data-widget_type=\"heading.default\">\n\t\t\t\t<div class=\"elementor-widget-container\">\n\t\t\t\t\t<h4 class=\"elementor-heading-title elementor-size-default\">Description de poste<\/h4>\t\t\t\t<\/div>\n\t\t\t\t<\/div>\n\t\t\t\t<div class=\"elementor-element elementor-element-22fa4fb elementor-widget elementor-widget-text-editor\" data-id=\"22fa4fb\" data-element_type=\"widget\" data-widget_type=\"text-editor.default\">\n\t\t\t\t<div class=\"elementor-widget-container\">\n\t\t\t\t\t\t\t\t\t<p><span style=\"font-weight: 400;\">Tu es pr\u00e9sentement \u00e9tudiant au niveau universitaire en marketing, communication, ou tout autre domaine connexe ? Tu as termin\u00e9 tes \u00e9tudes et tu cherches une opportunit\u00e9 de mettre tes connaissances \u00e0 l\u2019\u00e9preuve ? Un stage au sein de notre \u00e9quipe, \u00e7a t\u2019int\u00e9resse ?<\/span><\/p><p><span style=\"font-weight: 400;\">\u00c9cris-nous d\u00e8s maintenant, nous serions heureux de te rencontrer !<\/span><\/p>\t\t\t\t\t\t\t\t<\/div>\n\t\t\t\t<\/div>\n\t\t\t\t<div class=\"elementor-element elementor-element-f2f3f48 elementor-widget elementor-widget-heading\" data-id=\"f2f3f48\" data-element_type=\"widget\" data-widget_type=\"heading.default\">\n\t\t\t\t<div class=\"elementor-widget-container\">\n\t\t\t\t\t<h3 class=\"elementor-heading-title elementor-size-default\">Ton R\u00f4le<\/h3>\t\t\t\t<\/div>\n\t\t\t\t<\/div>\n\t\t\t\t<div class=\"elementor-element elementor-element-47ff685 elementor-widget elementor-widget-text-editor\" data-id=\"47ff685\" data-element_type=\"widget\" data-widget_type=\"text-editor.default\">\n\t\t\t\t<div class=\"elementor-widget-container\">\n\t\t\t\t\t\t\t\t\t<ul><li><span style=\"font-weight: 400;\">Travailler en collaboration avec nos sp\u00e9cialistes de marketing num\u00e9rique \u00e0 la production de campagnes publicitaires sur des plateformes telles que Google Ads, Facebook Ads, et autres.<\/span><\/li><li><span style=\"font-weight: 400;\">Optimiser les campagnes actives et assurer la qualit\u00e9 de ces derni\u00e8res<\/span>.<\/li><li><span style=\"font-weight: 400;\">Participer \u00e0 la cr\u00e9ation de contenu pour les diff\u00e9rents r\u00e9seaux sociaux de l\u2019agence<\/span>.<\/li><li><span style=\"font-weight: 400;\">Conseiller les membres de l\u2019\u00e9quipe sur les campagnes actives<\/span>.<\/li><\/ul>\t\t\t\t\t\t\t\t<\/div>\n\t\t\t\t<\/div>\n\t\t\t\t<div class=\"elementor-element elementor-element-2542286 elementor-widget elementor-widget-heading\" data-id=\"2542286\" data-element_type=\"widget\" data-widget_type=\"heading.default\">\n\t\t\t\t<div class=\"elementor-widget-container\">\n\t\t\t\t\t<h3 class=\"elementor-heading-title elementor-size-default\">en tant que stagiaire, tu dois \u00eatre\/avoir<\/h3>\t\t\t\t<\/div>\n\t\t\t\t<\/div>\n\t\t\t\t<div class=\"elementor-element elementor-element-0ef26cc elementor-widget elementor-widget-text-editor\" data-id=\"0ef26cc\" data-element_type=\"widget\" data-widget_type=\"text-editor.default\">\n\t\t\t\t<div class=\"elementor-widget-container\">\n\t\t\t\t\t\t\t\t\t<ul><li><span style=\"font-weight: 400;\">\u00c9tudiant ou dipl\u00f4m\u00e9 au baccalaur\u00e9at en administration, marketing, communication, ou tout autre domaine connexe<\/span>.<\/li><li><span style=\"font-weight: 400;\">Ma\u00eetriser certains programmes tels que MS Office, Google Suite, etc<\/span>.<\/li><li><span style=\"font-weight: 400;\">Passionn\u00e9, ambitieux avec un souci du d\u00e9tail sup\u00e9rieur \u00e0 la moyenne<\/span>.<\/li><li><span style=\"font-weight: 400;\">Sens de l\u2019organisation irr\u00e9prochable et gestion des priorit\u00e9s de fa\u00e7on autonome<\/span>.<\/li><li>Bilingue (excellente ma\u00eetrise du fran\u00e7ais et de l\u2019anglais autant \u00e0 l\u2019oral qu\u2019\u00e0 l\u2019\u00e9crit).<\/li><li><span style=\"font-weight: 400;\">Aptitude \u00e0 la r\u00e9daction, \u00e0 la communication, et au travail d\u2019\u00e9quipe.<\/span>\u00a0<\/li><li>Certification Google Ads, Facebook et\/ou Google Analytics. (un atout)<\/li><\/ul>\t\t\t\t\t\t\t\t<\/div>\n\t\t\t\t<\/div>\n\t\t\t\t<div class=\"elementor-element elementor-element-4ab32ab elementor-widget elementor-widget-heading\" data-id=\"4ab32ab\" data-element_type=\"widget\" data-widget_type=\"heading.default\">\n\t\t\t\t<div class=\"elementor-widget-container\">\n\t\t\t\t\t<h3 class=\"elementor-heading-title elementor-size-default\">Notre offre<\/h3>\t\t\t\t<\/div>\n\t\t\t\t<\/div>\n\t\t\t\t<div class=\"elementor-element elementor-element-763668c elementor-widget elementor-widget-text-editor\" data-id=\"763668c\" data-element_type=\"widget\" data-widget_type=\"text-editor.default\">\n\t\t\t\t<div class=\"elementor-widget-container\">\n\t\t\t\t\t\t\t\t\t<ul><li>Joins-toi \u00e0 une \u00e9quipe de passionn\u00e9s, qui aime avoir du plaisir et qui est extr\u00eamement motiv\u00e9e. Adieu \u00e0 la routine !<\/li><li>Flexibilit\u00e9 des horaires.<\/li><li>T\u00e9l\u00e9travail &#8211; pand\u00e9mie ou non (au choix).<\/li><li>Et bien plus !<\/li><\/ul>\t\t\t\t\t\t\t\t<\/div>\n\t\t\t\t<\/div>\n\t\t\t\t\t<\/div>\n\t\t<\/div>\n\t\t\t\t\t<\/div>\n\t\t<\/section>\n\t\t\t\t<section class=\"elementor-section elementor-top-section elementor-element elementor-element-5395309 elementor-section-boxed elementor-section-height-default elementor-section-height-default\" data-id=\"5395309\" data-element_type=\"section\" data-settings=\"{&quot;background_background&quot;:&quot;classic&quot;}\">\n\t\t\t\t\t\t<div class=\"elementor-container elementor-column-gap-default\">\n\t\t\t\t\t<div class=\"elementor-column elementor-col-100 elementor-top-column elementor-element elementor-element-3397175\" data-id=\"3397175\" data-element_type=\"column\">\n\t\t\t<div class=\"elementor-widget-wrap elementor-element-populated\">\n\t\t\t\t\t\t<div class=\"elementor-element elementor-element-7607912 elementor-widget elementor-widget-heading\" data-id=\"7607912\" data-element_type=\"widget\" data-widget_type=\"heading.default\">\n\t\t\t\t<div class=\"elementor-widget-container\">\n\t\t\t\t\t<h2 class=\"elementor-heading-title elementor-size-default\">Soumettre ma candidature<\/h2>\t\t\t\t<\/div>\n\t\t\t\t<\/div>\n\t\t\t\t<div class=\"elementor-element elementor-element-e19662e elementor-widget elementor-widget-html\" data-id=\"e19662e\" data-element_type=\"widget\" data-widget_type=\"html.default\">\n\t\t\t\t<div class=\"elementor-widget-container\">\n\t\t\t\t\t<script charset=\"utf-8\" type=\"text\/javascript\" src=\"\/\/js.hsforms.net\/forms\/embed\/v2.js\"><\/script>\n<script>\n  hbspt.forms.create({\n    region: \"na1\",\n    portalId: \"5187229\",\n    formId: \"648b7520-3602-4fcb-925a-02082c35a637\"\n  });\n<\/script>\n\t\t\t\t<\/div>\n\t\t\t\t<\/div>\n\t\t\t\t\t<\/div>\n\t\t<\/div>\n\t\t\t\t\t<\/div>\n\t\t<\/section>\n\t\t\t\t<\/div>\n\t\t","protected":false},"excerpt":{"rendered":"<p>Tu cherches un stage en tant que sp\u00e9cialiste marketing num\u00e9rique ? Description de poste Tu es pr\u00e9sentement \u00e9tudiant au niveau universitaire en marketing, communication, ou tout autre domaine connexe ? Tu as termin\u00e9 tes \u00e9tudes et tu cherches une opportunit\u00e9 de mettre tes connaissances \u00e0 l\u2019\u00e9preuve ? Un stage au sein de notre \u00e9quipe, \u00e7a [&hellip;]<\/p>\n","protected":false},"author":6,"featured_media":0,"parent":5901,"menu_order":0,"comment_status":"closed","ping_status":"closed","template":"elementor_header_footer","meta":{"content-type":"","ocean_post_layout":"","ocean_both_sidebars_style":"","ocean_both_sidebars_content_width":0,"ocean_both_sidebars_sidebars_width":0,"ocean_sidebar":"0","ocean_second_sidebar":"0","ocean_disable_margins":"enable","ocean_add_body_class":"","ocean_shortcode_before_top_bar":"","ocean_shortcode_after_top_bar":"","ocean_shortcode_before_header":"","ocean_shortcode_after_header":"","ocean_has_shortcode":"","ocean_shortcode_after_title":"","ocean_shortcode_before_footer_widgets":"","ocean_shortcode_after_footer_widgets":"","ocean_shortcode_before_footer_bottom":"","ocean_shortcode_after_footer_bottom":"","ocean_display_top_bar":"default","ocean_display_header":"default","ocean_header_style":"","ocean_center_header_left_menu":"0","ocean_custom_header_template":"0","ocean_custom_logo":0,"ocean_custom_retina_logo":0,"ocean_custom_logo_max_width":0,"ocean_custom_logo_tablet_max_width":0,"ocean_custom_logo_mobile_max_width":0,"ocean_custom_logo_max_height":0,"ocean_custom_logo_tablet_max_height":0,"ocean_custom_logo_mobile_max_height":0,"ocean_header_custom_menu":"0","ocean_menu_typo_font_family":"0","ocean_menu_typo_font_subset":"","ocean_menu_typo_font_size":0,"ocean_menu_typo_font_size_tablet":0,"ocean_menu_typo_font_size_mobile":0,"ocean_menu_typo_font_size_unit":"px","ocean_menu_typo_font_weight":"","ocean_menu_typo_font_weight_tablet":"","ocean_menu_typo_font_weight_mobile":"","ocean_menu_typo_transform":"","ocean_menu_typo_transform_tablet":"","ocean_menu_typo_transform_mobile":"","ocean_menu_typo_line_height":0,"ocean_menu_typo_line_height_tablet":0,"ocean_menu_typo_line_height_mobile":0,"ocean_menu_typo_line_height_unit":"","ocean_menu_typo_spacing":0,"ocean_menu_typo_spacing_tablet":0,"ocean_menu_typo_spacing_mobile":0,"ocean_menu_typo_spacing_unit":"","ocean_menu_link_color":"","ocean_menu_link_color_hover":"","ocean_menu_link_color_active":"","ocean_menu_link_background":"","ocean_menu_link_hover_background":"","ocean_menu_link_active_background":"","ocean_menu_social_links_bg":"","ocean_menu_social_hover_links_bg":"","ocean_menu_social_links_color":"","ocean_menu_social_hover_links_color":"","ocean_disable_title":"default","ocean_disable_heading":"default","ocean_post_title":"","ocean_post_subheading":"","ocean_post_title_style":"","ocean_post_title_background_color":"","ocean_post_title_background":0,"ocean_post_title_bg_image_position":"","ocean_post_title_bg_image_attachment":"","ocean_post_title_bg_image_repeat":"","ocean_post_title_bg_image_size":"","ocean_post_title_height":0,"ocean_post_title_bg_overlay":0.5,"ocean_post_title_bg_overlay_color":"","ocean_disable_breadcrumbs":"default","ocean_breadcrumbs_color":"","ocean_breadcrumbs_separator_color":"","ocean_breadcrumbs_links_color":"","ocean_breadcrumbs_links_hover_color":"","ocean_display_footer_widgets":"default","ocean_display_footer_bottom":"default","ocean_custom_footer_template":"0","osh_disable_topbar_sticky":"default","osh_disable_header_sticky":"default","osh_sticky_header_style":"default","osh_sticky_header_effect":"","osh_custom_sticky_logo":0,"osh_custom_retina_sticky_logo":0,"osh_custom_sticky_logo_height":0,"osh_background_color":"","osh_links_color":"","osh_links_hover_color":"","osh_links_active_color":"","osh_links_bg_color":"","osh_links_hover_bg_color":"","osh_links_active_bg_color":"","osh_menu_social_links_color":"","osh_menu_social_hover_links_color":"","footnotes":""},"class_list":["post-6096","page","type-page","status-publish","hentry","entry"],"yoast_head":"<!-- This site is optimized with the Yoast SEO plugin v27.2 - https:\/\/yoast.com\/product\/yoast-seo-wordpress\/ -->\n<title>Stagiaire marketing num\u00e9rique | Pertinence Media<\/title>\n<meta name=\"description\" content=\"Tu cherches un stage d&#039;\u00e9t\u00e9 dans le domaine du marketing num\u00e9rique ? On a une opportunit\u00e9 qui t&#039;attend. Soumets ta candidature maintenant.\" \/>\n<meta name=\"robots\" content=\"index, follow, max-snippet:-1, max-image-preview:large, max-video-preview:-1\" \/>\n<link rel=\"canonical\" href=\"https:\/\/www.pertinencemedia.com\/fr\/carrieres\/stagiaire-marketing-numerique\/\" \/>\n<meta property=\"og:locale\" content=\"fr_FR\" \/>\n<meta property=\"og:type\" content=\"article\" \/>\n<meta property=\"og:title\" content=\"Stagiaire marketing num\u00e9rique | Pertinence Media\" \/>\n<meta property=\"og:description\" content=\"Tu cherches un stage d&#039;\u00e9t\u00e9 dans le domaine du marketing num\u00e9rique ? On a une opportunit\u00e9 qui t&#039;attend. Soumets ta candidature maintenant.\" \/>\n<meta property=\"og:url\" content=\"https:\/\/www.pertinencemedia.com\/fr\/carrieres\/stagiaire-marketing-numerique\/\" \/>\n<meta property=\"og:site_name\" content=\"Pertinence Media\" \/>\n<meta property=\"article:publisher\" content=\"https:\/\/www.facebook.com\/pertinencemedia\/\" \/>\n<meta property=\"article:modified_time\" content=\"2024-10-07T18:17:56+00:00\" \/>\n<meta property=\"og:image\" content=\"https:\/\/www.pertinencemedia.com\/wp-content\/uploads\/2021\/07\/Photo-finale-scaled.jpg\" \/>\n\t<meta property=\"og:image:width\" content=\"2560\" \/>\n\t<meta property=\"og:image:height\" content=\"1707\" \/>\n\t<meta property=\"og:image:type\" content=\"image\/jpeg\" \/>\n<meta name=\"twitter:card\" content=\"summary_large_image\" \/>\n<meta name=\"twitter:site\" content=\"@pertinencemedia\" \/>\n<meta name=\"twitter:label1\" content=\"Dur\u00e9e de lecture estim\u00e9e\" \/>\n\t<meta name=\"twitter:data1\" content=\"2 minutes\" \/>\n<script type=\"application\/ld+json\" class=\"yoast-schema-graph\">{\"@context\":\"https:\/\/schema.org\",\"@graph\":[{\"@type\":\"WebPage\",\"@id\":\"https:\/\/www.pertinencemedia.com\/fr\/carrieres\/stagiaire-marketing-numerique\/\",\"url\":\"https:\/\/www.pertinencemedia.com\/fr\/carrieres\/stagiaire-marketing-numerique\/\",\"name\":\"Stagiaire marketing num\u00e9rique | Pertinence Media\",\"isPartOf\":{\"@id\":\"https:\/\/www.pertinencemedia.com\/fr\/#website\"},\"datePublished\":\"2022-01-26T19:51:43+00:00\",\"dateModified\":\"2024-10-07T18:17:56+00:00\",\"description\":\"Tu cherches un stage d'\u00e9t\u00e9 dans le domaine du marketing num\u00e9rique ? On a une opportunit\u00e9 qui t'attend. Soumets ta candidature maintenant.\",\"breadcrumb\":{\"@id\":\"https:\/\/www.pertinencemedia.com\/fr\/carrieres\/stagiaire-marketing-numerique\/#breadcrumb\"},\"inLanguage\":\"fr-FR\",\"potentialAction\":[{\"@type\":\"ReadAction\",\"target\":[\"https:\/\/www.pertinencemedia.com\/fr\/carrieres\/stagiaire-marketing-numerique\/\"]}]},{\"@type\":\"BreadcrumbList\",\"@id\":\"https:\/\/www.pertinencemedia.com\/fr\/carrieres\/stagiaire-marketing-numerique\/#breadcrumb\",\"itemListElement\":[{\"@type\":\"ListItem\",\"position\":1,\"name\":\"Accueil\",\"item\":\"https:\/\/www.pertinencemedia.com\/fr\/\"},{\"@type\":\"ListItem\",\"position\":2,\"name\":\"Carri\u00e8res\",\"item\":\"https:\/\/www.pertinencemedia.com\/fr\/carrieres\/\"},{\"@type\":\"ListItem\",\"position\":3,\"name\":\"Stagiaire marketing num\u00e9rique\"}]},{\"@type\":\"WebSite\",\"@id\":\"https:\/\/www.pertinencemedia.com\/fr\/#website\",\"url\":\"https:\/\/www.pertinencemedia.com\/fr\/\",\"name\":\"Pertinence Media\",\"description\":\"Restez pertinennt \u00e0 l&#039;\u00e8re du num\u00e9rique\",\"publisher\":{\"@id\":\"https:\/\/www.pertinencemedia.com\/fr\/#organization\"},\"potentialAction\":[{\"@type\":\"SearchAction\",\"target\":{\"@type\":\"EntryPoint\",\"urlTemplate\":\"https:\/\/www.pertinencemedia.com\/fr\/?s={search_term_string}\"},\"query-input\":{\"@type\":\"PropertyValueSpecification\",\"valueRequired\":true,\"valueName\":\"search_term_string\"}}],\"inLanguage\":\"fr-FR\"},{\"@type\":\"Organization\",\"@id\":\"https:\/\/www.pertinencemedia.com\/fr\/#organization\",\"name\":\"Pertinence Media\",\"url\":\"https:\/\/www.pertinencemedia.com\/fr\/\",\"logo\":{\"@type\":\"ImageObject\",\"inLanguage\":\"fr-FR\",\"@id\":\"https:\/\/www.pertinencemedia.com\/fr\/#\/schema\/logo\/image\/\",\"url\":\"https:\/\/www.pertinencemedia.com\/wp-content\/uploads\/2018\/10\/cropped-icone_white.png\",\"contentUrl\":\"https:\/\/www.pertinencemedia.com\/wp-content\/uploads\/2018\/10\/cropped-icone_white.png\",\"width\":512,\"height\":512,\"caption\":\"Pertinence Media\"},\"image\":{\"@id\":\"https:\/\/www.pertinencemedia.com\/fr\/#\/schema\/logo\/image\/\"},\"sameAs\":[\"https:\/\/www.facebook.com\/pertinencemedia\/\",\"https:\/\/x.com\/pertinencemedia\",\"https:\/\/www.instagram.com\/pertinencemedia\/\",\"https:\/\/www.linkedin.com\/company\/pertinence-media\"]}]}<\/script>\n<!-- \/ Yoast SEO plugin. -->","yoast_head_json":{"title":"Stagiaire marketing num\u00e9rique | Pertinence Media","description":"Tu cherches un stage d'\u00e9t\u00e9 dans le domaine du marketing num\u00e9rique ? On a une opportunit\u00e9 qui t'attend. Soumets ta candidature maintenant.","robots":{"index":"index","follow":"follow","max-snippet":"max-snippet:-1","max-image-preview":"max-image-preview:large","max-video-preview":"max-video-preview:-1"},"canonical":"https:\/\/www.pertinencemedia.com\/fr\/carrieres\/stagiaire-marketing-numerique\/","og_locale":"fr_FR","og_type":"article","og_title":"Stagiaire marketing num\u00e9rique | Pertinence Media","og_description":"Tu cherches un stage d'\u00e9t\u00e9 dans le domaine du marketing num\u00e9rique ? On a une opportunit\u00e9 qui t'attend. Soumets ta candidature maintenant.","og_url":"https:\/\/www.pertinencemedia.com\/fr\/carrieres\/stagiaire-marketing-numerique\/","og_site_name":"Pertinence Media","article_publisher":"https:\/\/www.facebook.com\/pertinencemedia\/","article_modified_time":"2024-10-07T18:17:56+00:00","og_image":[{"width":2560,"height":1707,"url":"https:\/\/www.pertinencemedia.com\/wp-content\/uploads\/2021\/07\/Photo-finale-scaled.jpg","type":"image\/jpeg"}],"twitter_card":"summary_large_image","twitter_site":"@pertinencemedia","twitter_misc":{"Dur\u00e9e de lecture estim\u00e9e":"2 minutes"},"schema":{"@context":"https:\/\/schema.org","@graph":[{"@type":"WebPage","@id":"https:\/\/www.pertinencemedia.com\/fr\/carrieres\/stagiaire-marketing-numerique\/","url":"https:\/\/www.pertinencemedia.com\/fr\/carrieres\/stagiaire-marketing-numerique\/","name":"Stagiaire marketing num\u00e9rique | Pertinence Media","isPartOf":{"@id":"https:\/\/www.pertinencemedia.com\/fr\/#website"},"datePublished":"2022-01-26T19:51:43+00:00","dateModified":"2024-10-07T18:17:56+00:00","description":"Tu cherches un stage d'\u00e9t\u00e9 dans le domaine du marketing num\u00e9rique ? On a une opportunit\u00e9 qui t'attend. Soumets ta candidature maintenant.","breadcrumb":{"@id":"https:\/\/www.pertinencemedia.com\/fr\/carrieres\/stagiaire-marketing-numerique\/#breadcrumb"},"inLanguage":"fr-FR","potentialAction":[{"@type":"ReadAction","target":["https:\/\/www.pertinencemedia.com\/fr\/carrieres\/stagiaire-marketing-numerique\/"]}]},{"@type":"BreadcrumbList","@id":"https:\/\/www.pertinencemedia.com\/fr\/carrieres\/stagiaire-marketing-numerique\/#breadcrumb","itemListElement":[{"@type":"ListItem","position":1,"name":"Accueil","item":"https:\/\/www.pertinencemedia.com\/fr\/"},{"@type":"ListItem","position":2,"name":"Carri\u00e8res","item":"https:\/\/www.pertinencemedia.com\/fr\/carrieres\/"},{"@type":"ListItem","position":3,"name":"Stagiaire marketing num\u00e9rique"}]},{"@type":"WebSite","@id":"https:\/\/www.pertinencemedia.com\/fr\/#website","url":"https:\/\/www.pertinencemedia.com\/fr\/","name":"Pertinence Media","description":"Restez pertinennt \u00e0 l&#039;\u00e8re du num\u00e9rique","publisher":{"@id":"https:\/\/www.pertinencemedia.com\/fr\/#organization"},"potentialAction":[{"@type":"SearchAction","target":{"@type":"EntryPoint","urlTemplate":"https:\/\/www.pertinencemedia.com\/fr\/?s={search_term_string}"},"query-input":{"@type":"PropertyValueSpecification","valueRequired":true,"valueName":"search_term_string"}}],"inLanguage":"fr-FR"},{"@type":"Organization","@id":"https:\/\/www.pertinencemedia.com\/fr\/#organization","name":"Pertinence Media","url":"https:\/\/www.pertinencemedia.com\/fr\/","logo":{"@type":"ImageObject","inLanguage":"fr-FR","@id":"https:\/\/www.pertinencemedia.com\/fr\/#\/schema\/logo\/image\/","url":"https:\/\/www.pertinencemedia.com\/wp-content\/uploads\/2018\/10\/cropped-icone_white.png","contentUrl":"https:\/\/www.pertinencemedia.com\/wp-content\/uploads\/2018\/10\/cropped-icone_white.png","width":512,"height":512,"caption":"Pertinence Media"},"image":{"@id":"https:\/\/www.pertinencemedia.com\/fr\/#\/schema\/logo\/image\/"},"sameAs":["https:\/\/www.facebook.com\/pertinencemedia\/","https:\/\/x.com\/pertinencemedia","https:\/\/www.instagram.com\/pertinencemedia\/","https:\/\/www.linkedin.com\/company\/pertinence-media"]}]}},"_links":{"self":[{"href":"https:\/\/www.pertinencemedia.com\/fr\/wp-json\/wp\/v2\/pages\/6096","targetHints":{"allow":["GET"]}}],"collection":[{"href":"https:\/\/www.pertinencemedia.com\/fr\/wp-json\/wp\/v2\/pages"}],"about":[{"href":"https:\/\/www.pertinencemedia.com\/fr\/wp-json\/wp\/v2\/types\/page"}],"author":[{"embeddable":true,"href":"https:\/\/www.pertinencemedia.com\/fr\/wp-json\/wp\/v2\/users\/6"}],"replies":[{"embeddable":true,"href":"https:\/\/www.pertinencemedia.com\/fr\/wp-json\/wp\/v2\/comments?post=6096"}],"version-history":[{"count":0,"href":"https:\/\/www.pertinencemedia.com\/fr\/wp-json\/wp\/v2\/pages\/6096\/revisions"}],"up":[{"embeddable":true,"href":"https:\/\/www.pertinencemedia.com\/fr\/wp-json\/wp\/v2\/pages\/5901"}],"wp:attachment":[{"href":"https:\/\/www.pertinencemedia.com\/fr\/wp-json\/wp\/v2\/media?parent=6096"}],"curies":[{"name":"wp","href":"https:\/\/api.w.org\/{rel}","templated":true}]}}